{"id":29790,"date":"2021-05-26T14:33:07","date_gmt":"2021-05-26T14:33:07","guid":{"rendered":"http:\/\/strandhotel.it\/hotel\/"},"modified":"2021-06-09T10:16:44","modified_gmt":"2021-06-09T10:16:44","slug":"hotel","status":"publish","type":"page","link":"https:\/\/strandhotel.it\/de\/hotel\/","title":{"rendered":"Hotel"},"content":{"rendered":"<div class=\"wpb-content-wrapper\"><p>[vc_row css=&#8220;.vc_custom_1563523639096{margin-top: -150px !important;}&#8220;][vc_column]<div class=\"clearboth\"><\/div><style>#thegem-divider-69f30ebb24d10 {margin-top: 50px !important;}<\/style><div id=\"thegem-divider-69f30ebb24d10\" class=\"gem-divider  \" style=\"\" ><\/div>[vc_column_text css_animation=&#8220;fade&#8220;]<\/p>\n<div class=\"title-h1\" style=\"text-align: center;\"><span style=\"color: #282d3c;\">Direkt am meer<\/span><\/div>\n<p>[\/vc_column_text][vc_column_text css_animation=&#8220;fade&#8220;]<\/p>\n<div class=\"title-h4\" style=\"text-align: center;\">\n<p><span class=\"light\" style=\"color: #282d3c;\">f\u00fcr einen erholsamen Urlaub<\/span><\/p>\n<\/div>\n<p>[\/vc_column_text]<div class=\"clearboth\"><\/div><style>#thegem-divider-69f30ebb24d67 {margin-top: 37px !important;}<\/style><div id=\"thegem-divider-69f30ebb24d67\" class=\"gem-divider  \" style=\"\" ><\/div>[vc_separator color=&#8220;custom&#8220; border_width=&#8220;3&#8243; el_width=&#8220;10&#8243; accent_color=&#8220;#00bcd4&#8243; css=&#8220;.vc_custom_1473417485867{margin-bottom: -25px !important;}&#8220;]<div class=\"clearboth\"><\/div><style>#thegem-divider-69f30ebb24d9d {margin-top: -10px !important;}<\/style><div id=\"thegem-divider-69f30ebb24d9d\" class=\"gem-divider  \" style=\"\" ><\/div><div class=\"centered-box\"><div class=\"gem-icon gem-icon-pack-material gem-icon-size-small  gem-icon-shape-square \"  style=\"border-color: #ffffff;opacity: 1;\"><div class=\"gem-icon-inner\" style=\"background-color: #ffffff;\"><span class=\"gem-icon-half-1\" style=\"color: #05bdd4;\"><span class=\"back-angle\">&#xf266;<\/span><\/span><span class=\"gem-icon-half-2\" style=\"color: #05bdd4;\"><span class=\"back-angle\">&#xf266;<\/span><\/span><\/div><\/div><\/div><div class=\"clearboth\"><\/div><style>#thegem-divider-69f30ebb24e29 {margin-top: 20px !important;}<\/style><div id=\"thegem-divider-69f30ebb24e29\" class=\"gem-divider  \" style=\"\" ><\/div>[vc_row_inner css=&#8220;.vc_custom_1562142228658{padding-bottom: 60px !important;}&#8220;][vc_column_inner width=&#8220;1\/2&#8243;][vc_column_text]F\u00fcr diejenigen, die einen erholsamen Urlaub am Strand in Jesolo verbringen wollen, ist Hotel Strand ideal.<\/p>\n<p>Unser Drei-Sterne-Hotel liegt am Meer in einem ruhigen Gebiet im Zentrum von Lido di Jesolo. Es liegt in der N\u00e4he der Busbahnhof, davon man Venedig, dem Fabrikverkauft in Noventa di Piave, Treviso und Caorle erreichen kann.<\/p>\n<p>Hotel Strand ist in der N\u00e4he des Einkaufszentrums, der Einkaufsstra\u00dfe und der besuchten Lokale. Es ist noch in der N\u00e4he von Sportzentren (z.B. Tennis, Minigolf, Go-Kart und Reiten), des ber\u00fchmtesten Wasserparks und von Naturmuseen.[\/vc_column_text][\/vc_column_inner][vc_column_inner width=&#8220;1\/2&#8243;][vc_column_text]F\u00fcr Ihre Kinder &#8211; und nicht nur! \u2013 werden sympathische Animateure am Strand Treiben organisieren. Wenn Sie mit Ihren treuen Hundefreunden im Urlaub sein, liegt Bau Bau Beach nahe.<\/p>\n<p>Bau Bau Village ist der erste Strand f\u00fcr Hunde, wo man viel Spa\u00df am Strand mit Ihrem Bestfreund haben kann.<\/p>\n<p>Wenn Sie Bed\u00fcrfnis nach Ruhe haben, k\u00f6nnen sie im nahe gelegenen Wellnesscenter entspannen oder drei Stufen hinuntergehen. Auf diese Weise kommen Sie am Strand, mit den F\u00fc\u00dfen in den goldenen Sand getaucht, und k\u00f6nnen sie von den Liegest\u00fchlen zu Ihrer Verf\u00fcgung die Sonne genie\u00dfen.[\/vc_column_text][\/vc_column_inner][\/vc_row_inner][vc_row_inner][vc_column_inner offset=&#8220;vc_hidden-lg vc_hidden-md vc_hidden-sm vc_hidden-xs&#8220;]<div class=\"gem-list lazy-loading gem-list-type-star gem-list-color-3\" ><ul>\n<li><span style=\"color: #000000;\">Da 1-3 persone<\/span><\/li>\n<li><span style=\"color: #000000;\">Pernottamento + colazione<\/span><\/li>\n<li><span style=\"color: #000000;\">Free Wi-Fi<\/span><\/li>\n<li><span style=\"color: #000000;\">TV Sat<\/span><\/li>\n<\/ul>\n<\/div>[\/vc_column_inner][\/vc_row_inner][\/vc_column][\/vc_row][vc_row full_width=&#8220;stretch_row_content&#8220; equal_height=&#8220;yes&#8220; css=&#8220;.vc_custom_1476363126453{margin-bottom: 0px !important;padding-bottom: 0px !important;background-color: #e2ecee !important;}&#8220;][vc_column width=&#8220;1\/2&#8243; css=&#8220;.vc_custom_1562657285559{margin-top: 0px !important;margin-right: 0px !important;margin-bottom: 0px !important;margin-left: 0px !important;padding-top: 0px !important;padding-right: 0px !important;padding-bottom: 0px !important;padding-left: 0px !important;background-image: url(http:\/\/strandhotel.it\/wp-content\/uploads\/2019\/07\/DSC2635.jpg?id=29140) !important;background-position: center !important;background-repeat: no-repeat !important;background-size: cover !important;}&#8220; el_class=&#8220;custom-border-5&#8243; offset=&#8220;vc_col-lg-6&#8243;]<div class=\"clearboth\"><\/div><style>#thegem-divider-69f30ebb24ee6 {margin-top: 400px !important;}<\/style><div id=\"thegem-divider-69f30ebb24ee6\" class=\"gem-divider  \" style=\"\" ><\/div>[\/vc_column][vc_column width=&#8220;1\/2&#8243; css=&#8220;.vc_custom_1562146117673{padding-left: 80px !important;}&#8220; offset=&#8220;vc_col-lg-6&#8243;]<div class=\"clearboth\"><\/div><style>#thegem-divider-69f30ebb24f17 {margin-top: 29px !important;}<\/style><div id=\"thegem-divider-69f30ebb24f17\" class=\"gem-divider  \" style=\"\" ><\/div>[vc_column_text css_animation=&#8220;fade&#8220;]<\/p>\n<div class=\"title-h1 title-h2\">Dienst und KOMFORT<\/div>\n<p>[\/vc_column_text]<div class=\"gem-list gem-list-type-star gem-list-color-3\" ><ul>\n<li>Ma\u00dfgeschneidertes Men\u00fc\/Fr\u00fchst\u00fcck<\/li>\n<li>Sat-TV<\/li>\n<li>Vergn\u00fcgens f\u00fcr Leute jeden Alters<\/li>\n<li>Erste Hilfe am Strand<\/li>\n<li>Restaurant<\/li>\n<li>Babysitting<\/li>\n<li>Frei WiFi<\/li>\n<li>Fahrradverleih<\/li>\n<li>Nord\u00a0Walking<\/li>\n<li>Strand: Liegestuhl + Sonnenschirm<\/li>\n<li>Kleine Haustiere<\/li>\n<li>Shuttle Service<\/li>\n<\/ul>\n<\/div><div class=\"clearboth\"><\/div><style>#thegem-divider-69f30ebb24fed {margin-top: 40px !important;}#thegem-divider-69f30ebb24fed {margin-bottom: 40px !important;}<\/style><div id=\"thegem-divider-69f30ebb24fed\" class=\"gem-divider  \" style=\"\" ><\/div>[\/vc_column][\/vc_row][vc_row css=&#8220;.vc_custom_1474554084150{padding-bottom: 60px !important;}&#8220;][vc_column]<div class=\"clearboth\"><\/div><style>#thegem-divider-69f30ebb2501e {margin-top: 112px !important;}<\/style><div id=\"thegem-divider-69f30ebb2501e\" class=\"gem-divider  \" style=\"\" ><\/div>[vc_column_text css_animation=&#8220;fade&#8220;]<\/p>\n<div class=\"title-h1\" style=\"text-align: center;\"><span style=\"color: #282d3c;\">Empfang<\/span><\/div>\n<p>[\/vc_column_text]<div class=\"clearboth\"><\/div><style>#thegem-divider-69f30ebb25048 {margin-top: -10px !important;}<\/style><div id=\"thegem-divider-69f30ebb25048\" class=\"gem-divider  \" style=\"\" ><\/div>[vc_column_text css_animation=&#8220;fade&#8220;]<\/p>\n<div class=\"title-h4\" style=\"text-align: center;\"><span class=\"light\" style=\"color: #282d3c;\">und bequemlichkeit<\/span><\/div>\n<p>[\/vc_column_text]<div class=\"clearboth\"><\/div><style>#thegem-divider-69f30ebb2506f {margin-top: 40px !important;}<\/style><div id=\"thegem-divider-69f30ebb2506f\" class=\"gem-divider  \" style=\"\" ><\/div>[vc_separator color=&#8220;custom&#8220; border_width=&#8220;3&#8243; el_width=&#8220;10&#8243; accent_color=&#8220;#00bcd4&#8243; css=&#8220;.vc_custom_1473417485867{margin-bottom: -25px !important;}&#8220;]<div class=\"clearboth\"><\/div><style>#thegem-divider-69f30ebb25095 {margin-top: -10px !important;}<\/style><div id=\"thegem-divider-69f30ebb25095\" class=\"gem-divider  \" style=\"\" ><\/div><div class=\"centered-box\"><div class=\"gem-icon gem-icon-pack-material gem-icon-size-small  gem-icon-shape-square \"  style=\"border-color: #ffffff;opacity: 1;\"><div class=\"gem-icon-inner\" style=\"background-color: #ffffff;\"><span class=\"gem-icon-half-1\" style=\"color: #05bdd4;\"><span class=\"back-angle\">&#xf57f;<\/span><\/span><span class=\"gem-icon-half-2\" style=\"color: #05bdd4;\"><span class=\"back-angle\">&#xf57f;<\/span><\/span><\/div><\/div><\/div>[\/vc_column][\/vc_row][vc_row][vc_column]<div class=\"clearboth\"><\/div><style>#thegem-divider-69f30ebb250f0 {margin-top: 44px !important;}<\/style><div id=\"thegem-divider-69f30ebb250f0\" class=\"gem-divider  \" style=\"\" ><\/div><style>.gem-gallery-grid#style-69f30ebb252f3 .gallery-item { padding: calc(21px\/2) !important; }.gem-gallery-grid#style-69f30ebb252f3 .gallery-set { margin-top: calc(-21px\/2); margin-bottom: calc(-21px\/2); }.gem-gallery-grid#style-69f30ebb252f3 .not-fullwidth-block .gallery-set, .gem-gallery-grid#style-69f30ebb252f3 .not-fullwidth-block .portfolio-item-size-container { margin-left: calc(-21px\/2); margin-right: calc(-21px\/2); }.gem-gallery-grid#style-69f30ebb252f3 .fullwidth-block { padding-left: calc(21px\/2); padding-right: calc(21px\/2); }@media (min-width: 768px) and (max-width: 991px) { .gem-gallery-grid#style-69f30ebb252f3 .fullwidth-block .portfolio-top-panel:not(.gem-sticky-block), .gem-gallery-grid#style-69f30ebb252f3 .portfolio-item.not-found .found-wrap { padding-left: 21px; padding-right: 21px; }}@media (max-width: 767px) { .gem-gallery-grid#style-69f30ebb252f3 .fullwidth-block .portfolio-top-panel:not(.gem-sticky-block), .gem-gallery-grid#style-69f30ebb252f3 .portfolio-item.not-found .found-wrap { padding-left: 21px; padding-right: 21px; }}.gem-gallery-grid#style-69f30ebb252f3 .portfolio-filters { text-align: center }<\/style><div id=\"style-preloader-69f30ebb252f3\" class=\"preloader save-space\"><div class=\"preloader-spin\"><\/div><\/div> <div class=\"gallery-preloader-wrapper\"> <div class=\"row\"> <div id=\"style-69f30ebb252f3\" class=\"gem-gallery-grid col-lg-12 col-md-12 col-sm-12 gallery-style-justified hover-default loading-animation item-animation-move-up fullwidth-columns fullwidth-columns-4 columns-tablet-2 columns-mobile-1 gaps-margin \" data-hover=\"default\" data-uid=\"69f30ebb252f3\" data-filter=\"[]\"> <div class=\"portfolio fullwidth-block \"> <ul class=\"gallery-set clearfix\" data-max-row-height=\"380\"> <li class=\"gallery-item gallery-0 col-xs-12 col-sm-6 col-md-3 item-animations-not-inited single-icon post-29790 page type-page status-publish\" style=\"\"> <div class=\"wrap gem-wrapbox-style-default\"> <div class=\"overlay-wrap\"> <div class=\"image-wrap \"> <picture> <source srcset=\"https:\/\/strandhotel.it\/wp-content\/uploads\/2019\/07\/esterno_hotel-thegem-product-justified-square-l.jpg 1x\" sizes=\"100vw\"> <img src=\"https:\/\/strandhotel.it\/wp-content\/uploads\/2019\/07\/esterno_hotel-thegem-product-justified-square-l.jpg\" width=\"500\" height=\"500\" class=\"attachment-thegem-product-justified-square-l\" alt=\"esterno_hotel\" \/> <\/picture> <\/div> <div class=\"overlay \"> <div class=\"overlay-circle\"><\/div> <a href=\"https:\/\/strandhotel.it\/wp-content\/uploads\/2019\/07\/esterno_hotel.jpg\" class=\"gallery-item-link fancy-gallery\" data-fancybox=\"gallery-69f30ebb252f3\" aria-label=\"Fullsize Image: esterno_hotel\"> <span class=\"slide-info\"> <\/span> <\/a> <div class=\"overlay-content\"> <div class=\"overlay-content-center\"> <div class=\"overlay-content-inner\"> <a href=\"https:\/\/strandhotel.it\/wp-content\/uploads\/2019\/07\/esterno_hotel.jpg\" class=\"icon photo \" aria-label=\"Fullsize Image: esterno_hotel\"> <\/a> <div class=\"overlay-line\"><\/div> <\/div> <\/div> <\/div> <\/div> <\/div> <\/div> <\/li> <li class=\"gallery-item gallery-0 col-xs-12 col-sm-6 col-md-3 item-animations-not-inited single-icon post-29790 page type-page status-publish\" style=\"\"> <div class=\"wrap gem-wrapbox-style-default\"> <div class=\"overlay-wrap\"> <div class=\"image-wrap \"> <picture> <source srcset=\"https:\/\/strandhotel.it\/wp-content\/uploads\/2019\/07\/panoramica_spiaggia-thegem-product-justified-square-l.jpg 1x\" sizes=\"100vw\"> <img src=\"https:\/\/strandhotel.it\/wp-content\/uploads\/2019\/07\/panoramica_spiaggia-thegem-product-justified-square-l.jpg\" width=\"500\" height=\"500\" class=\"attachment-thegem-product-justified-square-l\" alt=\"panoramica_spiaggia\" \/> <\/picture> <\/div> <div class=\"overlay \"> <div class=\"overlay-circle\"><\/div> <a href=\"https:\/\/strandhotel.it\/wp-content\/uploads\/2019\/07\/panoramica_spiaggia.jpg\" class=\"gallery-item-link fancy-gallery\" data-fancybox=\"gallery-69f30ebb252f3\" aria-label=\"Fullsize Image: panoramica_spiaggia\"> <span class=\"slide-info\"> <\/span> <\/a> <div class=\"overlay-content\"> <div class=\"overlay-content-center\"> <div class=\"overlay-content-inner\"> <a href=\"https:\/\/strandhotel.it\/wp-content\/uploads\/2019\/07\/panoramica_spiaggia.jpg\" class=\"icon photo \" aria-label=\"Fullsize Image: panoramica_spiaggia\"> <\/a> <div class=\"overlay-line\"><\/div> <\/div> <\/div> <\/div> <\/div> <\/div> <\/div> <\/li> <li class=\"gallery-item gallery-0 col-xs-12 col-sm-6 col-md-3 item-animations-not-inited single-icon post-29790 page type-page status-publish\" style=\"\"> <div class=\"wrap gem-wrapbox-style-default\"> <div class=\"overlay-wrap\"> <div class=\"image-wrap \"> <picture> <source srcset=\"https:\/\/strandhotel.it\/wp-content\/uploads\/2019\/07\/DSC2936-thegem-product-justified-square-l.jpg 1x\" sizes=\"100vw\"> <img src=\"https:\/\/strandhotel.it\/wp-content\/uploads\/2019\/07\/DSC2936-thegem-product-justified-square-l.jpg\" width=\"500\" height=\"500\" class=\"attachment-thegem-product-justified-square-l\" alt=\"_DSC2936\" \/> <\/picture> <\/div> <div class=\"overlay \"> <div class=\"overlay-circle\"><\/div> <a href=\"https:\/\/strandhotel.it\/wp-content\/uploads\/2019\/07\/DSC2936.jpg\" class=\"gallery-item-link fancy-gallery\" data-fancybox=\"gallery-69f30ebb252f3\" aria-label=\"Fullsize Image: _DSC2936\"> <span class=\"slide-info\"> <\/span> <\/a> <div class=\"overlay-content\"> <div class=\"overlay-content-center\"> <div class=\"overlay-content-inner\"> <a href=\"https:\/\/strandhotel.it\/wp-content\/uploads\/2019\/07\/DSC2936.jpg\" class=\"icon photo \" aria-label=\"Fullsize Image: _DSC2936\"> <\/a> <div class=\"overlay-line\"><\/div> <\/div> <\/div> <\/div> <\/div> <\/div> <\/div> <\/li> <li class=\"gallery-item gallery-0 col-xs-12 col-sm-6 col-md-3 item-animations-not-inited single-icon post-29790 page type-page status-publish\" style=\"\"> <div class=\"wrap gem-wrapbox-style-default\"> <div class=\"overlay-wrap\"> <div class=\"image-wrap \"> <picture> <source srcset=\"https:\/\/strandhotel.it\/wp-content\/uploads\/2019\/07\/DSC2602-1-thegem-product-justified-square-l.jpg 1x\" sizes=\"100vw\"> <img src=\"https:\/\/strandhotel.it\/wp-content\/uploads\/2019\/07\/DSC2602-1-thegem-product-justified-square-l.jpg\" width=\"500\" height=\"500\" class=\"attachment-thegem-product-justified-square-l\" alt=\"_DSC2602\" \/> <\/picture> <\/div> <div class=\"overlay \"> <div class=\"overlay-circle\"><\/div> <a href=\"https:\/\/strandhotel.it\/wp-content\/uploads\/2019\/07\/DSC2602-1.jpg\" class=\"gallery-item-link fancy-gallery\" data-fancybox=\"gallery-69f30ebb252f3\" aria-label=\"Fullsize Image: _DSC2602\"> <span class=\"slide-info\"> <\/span> <\/a> <div class=\"overlay-content\"> <div class=\"overlay-content-center\"> <div class=\"overlay-content-inner\"> <a href=\"https:\/\/strandhotel.it\/wp-content\/uploads\/2019\/07\/DSC2602-1.jpg\" class=\"icon photo \" aria-label=\"Fullsize Image: _DSC2602\"> <\/a> <div class=\"overlay-line\"><\/div> <\/div> <\/div> <\/div> <\/div> <\/div> <\/div> <\/li> <\/ul> <div class=\"portfolio-item-size-container\"> <li class=\"gallery-item size-item col-xs-12 col-sm-6 col-md-3 post-29790 page type-page status-publish\" style=\"\"> <\/li> <\/div> <\/div> <\/div> <\/div> <\/div>[\/vc_column][\/vc_row][vc_row][vc_column]<div class=\"clearboth\"><\/div><style>#thegem-divider-69f30ebb25c1b {margin-top: 105px !important;}<\/style><div id=\"thegem-divider-69f30ebb25c1b\" class=\"gem-divider  \" style=\"\" ><\/div>[vc_column_text css_animation=&#8220;fade&#8220;]<\/p>\n<div class=\"title-h4\" style=\"text-align: center;\">\n<p><span class=\"light\" style=\"color: #282d3c;\">F\u00fcr jede INFO<br \/>\n<\/span><\/p>\n<\/div>\n<p>[\/vc_column_text]<div class=\"clearboth\"><\/div><style>#thegem-divider-69f30ebb25c4f {margin-top: -18px !important;}<\/style><div id=\"thegem-divider-69f30ebb25c4f\" class=\"gem-divider  \" style=\"\" ><\/div>[vc_column_text css_animation=&#8220;fade&#8220;]<\/p>\n<div class=\"title-h1\" style=\"text-align: center;\"><span style=\"color: #282d3c;\">KONTAKTIEREN SIE UNS<\/span><\/div>\n<p>[\/vc_column_text]<div class=\"clearboth\"><\/div><style>#thegem-divider-69f30ebb25c88 {margin-top: 31px !important;}<\/style><div id=\"thegem-divider-69f30ebb25c88\" class=\"gem-divider  \" style=\"\" ><\/div>[vc_separator color=&#8220;custom&#8220; border_width=&#8220;3&#8243; el_width=&#8220;10&#8243; accent_color=&#8220;#00bcd4&#8243; css=&#8220;.vc_custom_1473417485867{margin-bottom: -25px !important;}&#8220;]<div class=\"clearboth\"><\/div><style>#thegem-divider-69f30ebb25caf {margin-top: -10px !important;}<\/style><div id=\"thegem-divider-69f30ebb25caf\" class=\"gem-divider  \" style=\"\" ><\/div><div class=\"centered-box\"><div class=\"gem-icon gem-icon-pack-material gem-icon-size-small  gem-icon-shape-square \"  style=\"border-color: #ffffff;opacity: 1;\"><div class=\"gem-icon-inner\" style=\"background-color: #ffffff;\"><span class=\"gem-icon-half-1\" style=\"color: #05bdd4;\"><span class=\"back-angle\">&#xf3fa;<\/span><\/span><span class=\"gem-icon-half-2\" style=\"color: #05bdd4;\"><span class=\"back-angle\">&#xf3fa;<\/span><\/span><\/div><\/div><\/div><div class=\"clearboth\"><\/div><style>#thegem-divider-69f30ebb25cff {margin-top: 50px !important;}<\/style><div id=\"thegem-divider-69f30ebb25cff\" class=\"gem-divider  \" style=\"\" ><\/div>[\/vc_column][\/vc_row][vc_row][vc_column][vc_column_text]<\/p>\n<p>[\/vc_column_text][\/vc_column][\/vc_row][vc_row][vc_column]<div id=\"fullwidth-block-69f30ebb25e6f\" class=\"fullwidth-block clearfix\"  style=\"padding-top: 140px;padding-bottom: 100px;\"><script type=\"text\/javascript\">if (typeof(gem_fix_fullwidth_position) == \"function\") { gem_fix_fullwidth_position(document.getElementById(\"fullwidth-block-69f30ebb25e6f\")); }<\/script><div class=\"fullwidth-block-background\" style=\"background-image: url(https:\/\/strandhotel.it\/wp-content\/uploads\/2019\/06\/camere_background.jpg);background-repeat: no-repeat; background-size: cover;background-position: center top;\"><\/div><div class=\"fullwidth-block-inner\"><div class=\"container\">[vc_row_inner][vc_column_inner offset=&#8220;vc_col-lg-4&#8243;]<div class=\"gem-textbox \"  ><div class=\"gem-textbox-inner\" style=\"\"><div class=\"gem-textbox-content\" style=\"background-color: rgba(10,10,10,0.5);background-position: center top;\"><div class=\"clearboth\"><\/div><style>#thegem-divider-69f30ebb25f2e {margin-top: 25px !important;}<\/style><div id=\"thegem-divider-69f30ebb25f2e\" class=\"gem-divider  \" style=\"\" ><\/div><div class=\"gem-icon-with-text gem-icon-with-text-icon-size-medium centered-box\" ><div style=\"margin-bottom:0px;margin-top:0px; \" class=\"gem-icon-with-text-icon\"><div class=\"gem-icon gem-icon-pack-material gem-icon-size-medium  gem-icon-shape-square gem-simple-icon \"  style=\"opacity: 1;\"><div class=\"gem-icon-inner\" style=\"\"><span class=\"gem-icon-half-1\" style=\"color: #5286cf;\"><span class=\"back-angle\">&#xf3e4;<\/span><\/span><span class=\"gem-icon-half-2\" style=\"color: #5286cf;\"><span class=\"back-angle\">&#xf3e4;<\/span><\/span><\/div><\/div><\/div><div class=\"gem-icon-with-text-content\" ><div class=\"gem-icon-with-text-text\"><div class=\"clearboth\"><\/div><style>#thegem-divider-69f30ebb25fe0 {margin-top: 25px !important;}<\/style><div id=\"thegem-divider-69f30ebb25fe0\" class=\"gem-divider  \" style=\"\" ><\/div>[vc_column_text]<\/p>\n<div class=\"title-h4\" style=\"text-align: center;\"><span class=\"light\" style=\"color: #ffffff;\">Adresse<\/span><\/div>\n<p>[\/vc_column_text]<div class=\"clearboth\"><\/div><style>#thegem-divider-69f30ebb25ff6 {margin-top: 25px !important;}<\/style><div id=\"thegem-divider-69f30ebb25ff6\" class=\"gem-divider  \" style=\"\" ><\/div>[vc_column_text]<\/p>\n<p style=\"text-align: center;\"><span style=\"color: #ffffff;\">Via Dalmazia,<\/span><br \/>\n<span style=\"color: #ffffff;\">830016 Lido di Jesolo (VE)<\/span><\/p>\n<p>[\/vc_column_text]<\/div><\/div><div class=\"clearboth\"><\/div><\/div><div class=\"clearboth\"><\/div><style>#thegem-divider-69f30ebb2600d {margin-top: 35px !important;}<\/style><div id=\"thegem-divider-69f30ebb2600d\" class=\"gem-divider  \" style=\"\" ><\/div><\/div><\/div><\/div>[\/vc_column_inner][vc_column_inner offset=&#8220;vc_col-lg-4&#8243;]<div class=\"gem-textbox \"  ><div class=\"gem-textbox-inner\" style=\"\"><div class=\"gem-textbox-content\" style=\"background-color: rgba(10,10,10,0.5);background-position: center top;\"><div class=\"clearboth\"><\/div><style>#thegem-divider-69f30ebb2606e {margin-top: 25px !important;}<\/style><div id=\"thegem-divider-69f30ebb2606e\" class=\"gem-divider  \" style=\"\" ><\/div><div class=\"gem-icon-with-text gem-icon-with-text-icon-size-medium centered-box\" ><div style=\"margin-bottom:0px;margin-top:0px; \" class=\"gem-icon-with-text-icon\"><div class=\"gem-icon gem-icon-pack-material gem-icon-size-medium  gem-icon-shape-square gem-simple-icon \"  style=\"opacity: 1;\"><div class=\"gem-icon-inner\" style=\"\"><span class=\"gem-icon-half-1\" style=\"color: #12c6dd;\"><span class=\"back-angle\">&#xf477;<\/span><\/span><span class=\"gem-icon-half-2\" style=\"color: #12c6dd;\"><span class=\"back-angle\">&#xf477;<\/span><\/span><\/div><\/div><\/div><div class=\"gem-icon-with-text-content\" ><div class=\"gem-icon-with-text-text\"><div class=\"clearboth\"><\/div><style>#thegem-divider-69f30ebb260fe {margin-top: 25px !important;}<\/style><div id=\"thegem-divider-69f30ebb260fe\" class=\"gem-divider  \" style=\"\" ><\/div>[vc_column_text]<\/p>\n<div class=\"title-h4\" style=\"text-align: center;\"><span class=\"light\" style=\"color: #ffffff;\">TELEFON<\/span><\/div>\n<p>[\/vc_column_text]<div class=\"clearboth\"><\/div><style>#thegem-divider-69f30ebb26111 {margin-top: 25px !important;}<\/style><div id=\"thegem-divider-69f30ebb26111\" class=\"gem-divider  \" style=\"\" ><\/div>[vc_column_text]<\/p>\n<p style=\"text-align: center;\"><span style=\"color: #ffffff;\">Tel: (+39) 0421.381379<\/span><br \/>\n<span style=\"color: #ffffff;\">Fax: (+39) 0421.380331<\/span><\/p>\n<p>[\/vc_column_text]<\/div><\/div><div class=\"clearboth\"><\/div><\/div><div class=\"clearboth\"><\/div><style>#thegem-divider-69f30ebb26126 {margin-top: 35px !important;}<\/style><div id=\"thegem-divider-69f30ebb26126\" class=\"gem-divider  \" style=\"\" ><\/div><\/div><\/div><\/div>[\/vc_column_inner][vc_column_inner offset=&#8220;vc_col-lg-4&#8243;]<div class=\"gem-textbox \"  ><div class=\"gem-textbox-inner\" style=\"\"><div class=\"gem-textbox-content\" style=\"background-color: rgba(0,0,0,0.5);background-position: center top;\"><div class=\"clearboth\"><\/div><style>#thegem-divider-69f30ebb26164 {margin-top: 25px !important;}<\/style><div id=\"thegem-divider-69f30ebb26164\" class=\"gem-divider  \" style=\"\" ><\/div><div class=\"gem-icon-with-text gem-icon-with-text-icon-size-medium centered-box\" ><div style=\"margin-bottom:0px;margin-top:0px; \" class=\"gem-icon-with-text-icon\"><div class=\"gem-icon gem-icon-pack-material gem-icon-size-medium  gem-icon-shape-square gem-simple-icon \"  style=\"opacity: 1;\"><div class=\"gem-icon-inner\" style=\"\"><span class=\"gem-icon-half-1\" style=\"color: #1ed3b9;\"><span class=\"back-angle\">&#xf2af;<\/span><\/span><span class=\"gem-icon-half-2\" style=\"color: #1ed3b9;\"><span class=\"back-angle\">&#xf2af;<\/span><\/span><\/div><\/div><\/div><div class=\"gem-icon-with-text-content\" ><div class=\"gem-icon-with-text-text\"><div class=\"clearboth\"><\/div><style>#thegem-divider-69f30ebb261d1 {margin-top: 25px !important;}<\/style><div id=\"thegem-divider-69f30ebb261d1\" class=\"gem-divider  \" style=\"\" ><\/div>[vc_column_text]<\/p>\n<div class=\"title-h4\" style=\"text-align: center;\"><span class=\"light\" style=\"color: #ffffff;\">e-mail<\/span><\/div>\n<p>[\/vc_column_text]<div class=\"clearboth\"><\/div><style>#thegem-divider-69f30ebb261e3 {margin-top: 25px !important;}<\/style><div id=\"thegem-divider-69f30ebb261e3\" class=\"gem-divider  \" style=\"\" ><\/div>[vc_column_text]<a href=\"mailto:info@strandhotel.it\">info@strandhotel.it<\/a><br \/>\n[\/vc_column_text]<div class=\"clearboth\"><\/div><style>#thegem-divider-69f30ebb261f4 {margin-top: 25px !important;}<\/style><div id=\"thegem-divider-69f30ebb261f4\" class=\"gem-divider  \" style=\"\" ><\/div><\/div><\/div><div class=\"clearboth\"><\/div><\/div><div class=\"clearboth\"><\/div><style>#thegem-divider-69f30ebb26207 {margin-top: 35px !important;}<\/style><div id=\"thegem-divider-69f30ebb26207\" class=\"gem-divider  \" style=\"\" ><\/div><\/div><\/div><\/div>[\/vc_column_inner][\/vc_row_inner]<\/div><\/div><\/div>[\/vc_column][\/vc_row]<\/p>\n<\/div>","protected":false},"excerpt":{"rendered":"<p>[vc_row css=&#8220;.vc_custom_1563523639096{margin-top: -150px !important;}&#8220;][vc_column][vc_column_text css_animation=&#8220;fade&#8220;] Direkt am meer [\/vc_column_text][vc_column_text css_animation=&#8220;fade&#8220;] f\u00fcr einen erholsamen Urlaub [\/vc_column_text][vc_separator color=&#8220;custom&#8220; border_width=&#8220;3&#8243; el_width=&#8220;10&#8243; accent_color=&#8220;#00bcd4&#8243; css=&#8220;.vc_custom_1473417485867{margin-bottom:&#8230;<\/p>\n","protected":false},"author":2,"featured_media":0,"parent":0,"menu_order":0,"comment_status":"closed","ping_status":"closed","template":"","meta":{"footnotes":""},"class_list":["post-29790","page","type-page","status-publish"],"_links":{"self":[{"href":"https:\/\/strandhotel.it\/de\/wp-json\/wp\/v2\/pages\/29790","targetHints":{"allow":["GET"]}}],"collection":[{"href":"https:\/\/strandhotel.it\/de\/wp-json\/wp\/v2\/pages"}],"about":[{"href":"https:\/\/strandhotel.it\/de\/wp-json\/wp\/v2\/types\/page"}],"author":[{"embeddable":true,"href":"https:\/\/strandhotel.it\/de\/wp-json\/wp\/v2\/users\/2"}],"replies":[{"embeddable":true,"href":"https:\/\/strandhotel.it\/de\/wp-json\/wp\/v2\/comments?post=29790"}],"version-history":[{"count":4,"href":"https:\/\/strandhotel.it\/de\/wp-json\/wp\/v2\/pages\/29790\/revisions"}],"predecessor-version":[{"id":29915,"href":"https:\/\/strandhotel.it\/de\/wp-json\/wp\/v2\/pages\/29790\/revisions\/29915"}],"wp:attachment":[{"href":"https:\/\/strandhotel.it\/de\/wp-json\/wp\/v2\/media?parent=29790"}],"curies":[{"name":"wp","href":"https:\/\/api.w.org\/{rel}","templated":true}]}}